{"id":89,"date":"2025-10-05T11:31:23","date_gmt":"2025-10-05T09:31:23","guid":{"rendered":"https:\/\/sirenes.pl\/?page_id=89"},"modified":"2026-01-25T05:41:03","modified_gmt":"2026-01-25T04:41:03","slug":"wesprzyj","status":"publish","type":"page","link":"https:\/\/sirenes.pl\/en\/wesprzyj\/","title":{"rendered":"#DONATE"},"content":{"rendered":"<p>Thank you for considering a donation to the Sirenes Foundation. We are grateful for every contribution. Support our mission and become a patron of culture!<br><\/p>\n\n\n\n<p><strong>Sirenes Foundation<\/strong><br>Bank Account: (BNP PARIBAS) 44 1750 0012 0000 0000 3496 7326<br>Transfer title: Donation for statutory purposes<\/p>\n\n\n\n<p><strong>Project: Anniversary album release<\/strong><\/p>\n\n\n\n<div style=\"position: relative; width: 100%; height: 500px; overflow: hidden;\"><iframe style=\"position: absolute; top:0; left: 0; bottom: 0; right: 0; width: 100%; height: 100%;\" src=\"https:\/\/zrzutka.pl\/rc2mep\/widget\/13\" frameborder=\"0\" scrolling=\"no\"><\/iframe><\/div>\n\n\n<style>.kb-row-layout-id89_dc6bb6-f4 > .kt-row-column-wrap{align-content:start;}:where(.kb-row-layout-id89_dc6bb6-f4 > .kt-row-column-wrap) > .wp-block-kadence-column{justify-content:start;}.kb-row-layout-id89_dc6bb6-f4 > .kt-row-column-wrap{column-gap:var(--global-kb-gap-md, 2rem);row-gap:var(--global-kb-gap-md, 2rem);padding-top:var(--global-kb-spacing-sm, 1.5rem);padding-bottom:var(--global-kb-spacing-sm, 1.5rem);}.kb-row-layout-id89_dc6bb6-f4 > .kt-row-column-wrap > div:not(.added-for-specificity){grid-column:initial;}.kb-row-layout-id89_dc6bb6-f4 > .kt-row-column-wrap{grid-template-columns:repeat(3, minmax(0, 1fr));}.kb-row-layout-id89_dc6bb6-f4 > .kt-row-layout-overlay{opacity:0.30;}@media all and (max-width: 1024px){.kb-row-layout-id89_dc6bb6-f4 > .kt-row-column-wrap > div:not(.added-for-specificity){grid-column:initial;}}@media all and (max-width: 1024px){.kb-row-layout-id89_dc6bb6-f4 > .kt-row-column-wrap{grid-template-columns:repeat(3, minmax(0, 1fr));}}@media all and (max-width: 767px){.kb-row-layout-id89_dc6bb6-f4 > .kt-row-column-wrap > div:not(.added-for-specificity){grid-column:initial;}.kb-row-layout-id89_dc6bb6-f4 > .kt-row-column-wrap{grid-template-columns:minmax(0, 1fr);}}<\/style><div class=\"kb-row-layout-wrap kb-row-layout-id89_dc6bb6-f4 alignnone wp-block-kadence-rowlayout\"><div class=\"kt-row-column-wrap kt-has-3-columns kt-row-layout-equal kt-tab-layout-inherit kt-mobile-layout-row kt-row-valign-top\">\n<style>.kadence-column89_aa8bbe-54 > .kt-inside-inner-col,.kadence-column89_aa8bbe-54 > .kt-inside-inner-col:before{border-top-left-radius:0px;border-top-right-radius:0px;border-bottom-right-radius:0px;border-bottom-left-radius:0px;}.kadence-column89_aa8bbe-54 > .kt-inside-inner-col{column-gap:var(--global-kb-gap-sm, 1rem);}.kadence-column89_aa8bbe-54 > .kt-inside-inner-col{flex-direction:column;}.kadence-column89_aa8bbe-54 > .kt-inside-inner-col > .aligncenter{width:100%;}.kadence-column89_aa8bbe-54 > .kt-inside-inner-col:before{opacity:0.3;}.kadence-column89_aa8bbe-54{position:relative;}@media all and (max-width: 1024px){.kadence-column89_aa8bbe-54 > .kt-inside-inner-col{flex-direction:column;justify-content:center;}}@media all and (max-width: 767px){.kadence-column89_aa8bbe-54 > .kt-inside-inner-col{flex-direction:column;justify-content:center;}}<\/style>\n<div class=\"wp-block-kadence-column kadence-column89_aa8bbe-54\"><div class=\"kt-inside-inner-col\">\n<figure class=\"wp-block-video\"><video controls loop src=\"https:\/\/sirenes.pl\/wp-content\/uploads\/2026\/01\/Post-3-2.mp4\"><\/video><\/figure>\n<\/div><\/div>\n\n\n<style>.kadence-column89_e60d17-74 > .kt-inside-inner-col,.kadence-column89_e60d17-74 > .kt-inside-inner-col:before{border-top-left-radius:0px;border-top-right-radius:0px;border-bottom-right-radius:0px;border-bottom-left-radius:0px;}.kadence-column89_e60d17-74 > .kt-inside-inner-col{column-gap:var(--global-kb-gap-sm, 1rem);}.kadence-column89_e60d17-74 > .kt-inside-inner-col{flex-direction:column;}.kadence-column89_e60d17-74 > .kt-inside-inner-col > .aligncenter{width:100%;}.kadence-column89_e60d17-74 > .kt-inside-inner-col:before{opacity:0.3;}.kadence-column89_e60d17-74{position:relative;}@media all and (max-width: 1024px){.kadence-column89_e60d17-74 > .kt-inside-inner-col{flex-direction:column;justify-content:center;}}@media all and (max-width: 767px){.kadence-column89_e60d17-74 > .kt-inside-inner-col{flex-direction:column;justify-content:center;}}<\/style>\n<div class=\"wp-block-kadence-column kadence-column89_e60d17-74\"><div class=\"kt-inside-inner-col\">\n<figure class=\"wp-block-video\"><video controls loop src=\"https:\/\/sirenes.pl\/wp-content\/uploads\/2026\/01\/Zrzutka.mp4\"><\/video><\/figure>\n<\/div><\/div>\n\n\n<style>.kadence-column89_00b828-1d > .kt-inside-inner-col,.kadence-column89_00b828-1d > .kt-inside-inner-col:before{border-top-left-radius:0px;border-top-right-radius:0px;border-bottom-right-radius:0px;border-bottom-left-radius:0px;}.kadence-column89_00b828-1d > .kt-inside-inner-col{column-gap:var(--global-kb-gap-sm, 1rem);}.kadence-column89_00b828-1d > .kt-inside-inner-col{flex-direction:column;}.kadence-column89_00b828-1d > .kt-inside-inner-col > .aligncenter{width:100%;}.kadence-column89_00b828-1d > .kt-inside-inner-col:before{opacity:0.3;}.kadence-column89_00b828-1d{position:relative;}@media all and (max-width: 1024px){.kadence-column89_00b828-1d > .kt-inside-inner-col{flex-direction:column;justify-content:center;}}@media all and (max-width: 767px){.kadence-column89_00b828-1d > .kt-inside-inner-col{flex-direction:column;justify-content:center;}}<\/style>\n<div class=\"wp-block-kadence-column kadence-column89_00b828-1d\"><div class=\"kt-inside-inner-col\">\n<figure class=\"wp-block-video\"><video controls loop src=\"https:\/\/sirenes.pl\/wp-content\/uploads\/2026\/01\/Wrazenia.mp4\"><\/video><\/figure>\n<\/div><\/div>\n\n<\/div><\/div>","protected":false},"excerpt":{"rendered":"<p>Dzi\u0119kujemy za rozwa\u017cenie przekazania darowizny na rzecz Fundacji Sirenes. Jeste\u015bmy wdzi\u0119czne za ka\u017cd\u0105 wp\u0142at\u0119. Wesprzyj nasz\u0105 dzia\u0142alno\u015b\u0107 i zosta\u0144 mecenasem [&hellip;]<\/p>\n","protected":false},"author":4,"featured_media":0,"parent":0,"menu_order":0,"comment_status":"closed","ping_status":"closed","template":"","meta":{"site-sidebar-layout":"default","site-content-layout":"","ast-site-content-layout":"default","site-content-style":"default","site-sidebar-style":"default","ast-global-header-display":"","ast-banner-title-visibility":"","ast-main-header-display":"","ast-hfb-above-header-display":"","ast-hfb-below-header-display":"","ast-hfb-mobile-header-display":"","site-post-title":"","ast-breadcrumbs-content":"","ast-featured-img":"","footer-sml-layout":"","ast-disable-related-posts":"","theme-transparent-header-meta":"","adv-header-id-meta":"","stick-header-meta":"","header-above-stick-meta":"","header-main-stick-meta":"","header-below-stick-meta":"","astra-migrate-meta-layouts":"default","ast-page-background-enabled":"default","ast-page-background-meta":{"desktop":{"background-color":"var(--ast-global-color-5)","background-image":"","background-repeat":"repeat","background-position":"center center","background-size":"auto","background-attachment":"scroll","background-type":"","background-media":"","overlay-type":"","overlay-color":"","overlay-opacity":"","overlay-gradient":""},"tablet":{"background-color":"","background-image":"","background-repeat":"repeat","background-position":"center center","background-size":"auto","background-attachment":"scroll","background-type":"","background-media":"","overlay-type":"","overlay-color":"","overlay-opacity":"","overlay-gradient":""},"mobile":{"background-color":"","background-image":"","background-repeat":"repeat","background-position":"center center","background-size":"auto","background-attachment":"scroll","background-type":"","background-media":"","overlay-type":"","overlay-color":"","overlay-opacity":"","overlay-gradient":""}},"ast-content-background-meta":{"desktop":{"background-color":"var(--ast-global-color-4)","background-image":"","background-repeat":"repeat","background-position":"center center","background-size":"auto","background-attachment":"scroll","background-type":"","background-media":"","overlay-type":"","overlay-color":"","overlay-opacity":"","overlay-gradient":""},"tablet":{"background-color":"var(--ast-global-color-4)","background-image":"","background-repeat":"repeat","background-position":"center center","background-size":"auto","background-attachment":"scroll","background-type":"","background-media":"","overlay-type":"","overlay-color":"","overlay-opacity":"","overlay-gradient":""},"mobile":{"background-color":"var(--ast-global-color-4)","background-image":"","background-repeat":"repeat","background-position":"center center","background-size":"auto","background-attachment":"scroll","background-type":"","background-media":"","overlay-type":"","overlay-color":"","overlay-opacity":"","overlay-gradient":""}},"footnotes":""},"class_list":["post-89","page","type-page","status-publish","hentry"],"_links":{"self":[{"href":"https:\/\/sirenes.pl\/en\/wp-json\/wp\/v2\/pages\/89","targetHints":{"allow":["GET"]}}],"collection":[{"href":"https:\/\/sirenes.pl\/en\/wp-json\/wp\/v2\/pages"}],"about":[{"href":"https:\/\/sirenes.pl\/en\/wp-json\/wp\/v2\/types\/page"}],"author":[{"embeddable":true,"href":"https:\/\/sirenes.pl\/en\/wp-json\/wp\/v2\/users\/4"}],"replies":[{"embeddable":true,"href":"https:\/\/sirenes.pl\/en\/wp-json\/wp\/v2\/comments?post=89"}],"version-history":[{"count":3,"href":"https:\/\/sirenes.pl\/en\/wp-json\/wp\/v2\/pages\/89\/revisions"}],"predecessor-version":[{"id":433,"href":"https:\/\/sirenes.pl\/en\/wp-json\/wp\/v2\/pages\/89\/revisions\/433"}],"wp:attachment":[{"href":"https:\/\/sirenes.pl\/en\/wp-json\/wp\/v2\/media?parent=89"}],"curies":[{"name":"wp","href":"https:\/\/api.w.org\/{rel}","templated":true}]}}