{"id":45,"date":"2020-05-21T12:54:31","date_gmt":"2020-05-21T10:54:31","guid":{"rendered":"http:\/\/sirenes.pl\/?page_id=45"},"modified":"2026-01-19T22:02:48","modified_gmt":"2026-01-19T21:02:48","slug":"kontakt","status":"publish","type":"page","link":"https:\/\/sirenes.pl\/en\/kontakt\/","title":{"rendered":"CONTACT"},"content":{"rendered":"<div class=\"wp-block-columns is-layout-flex wp-container-core-columns-is-layout-28f84493 wp-block-columns-is-layout-flex\">\n<div class=\"wp-block-column is-layout-flow wp-block-column-is-layout-flow\" style=\"flex-basis:33.33%\">\n<p><strong>SIRENES <br> Chamber Choir<\/strong><br>Contemporary Music Space Hashtag Lab<br><a href=\"https:\/\/hashtaglab.pl\">Hashtag Lab<\/a><br>ul. Barska 29<br>02-315 Warsaw, Poland<\/p>\n\n\n\n<p><strong>Rehearsal Hours<\/strong><br>Mondays and Wednesdays: 6:45 PM \u2013 8:45 PM<\/p>\n\n\n\n<p><strong>Sirenes Foundation<\/strong><br>ul. Dzielna 17\/10<br>01-029 Warsaw, Poland\u00a0<br>Tax &amp; Registration Details: <br> KRS: 0000635610 (National Court Register No.)<br>NIP: 5252675295 (Tax ID \/ VAT No.)<br>REGON: 365366959 (National Business Registry No.)<\/p>\n\n\n\n<p><a href=\"mailto:fundacja@sirenes.pl\">fundacja@sirenes.pl<\/a><\/p>\n\n\n\n<p><\/p>\n<\/div>\n\n\n\n<div class=\"wp-block-column is-layout-flow wp-block-column-is-layout-flow\" style=\"flex-basis:66.66%\">\n<iframe src=\"https:\/\/www.google.com\/maps\/embed?pb=!1m18!1m12!1m3!1d2326.5926578270223!2d20.976352199999994!3d52.218776399999996!2m3!1f0!2f0!3f0!3m2!1i1024!2i768!4f13.1!3m3!1m2!1s0x471ecd38f634019f%3A0xdd1c4f3acdf2a8f6!2sPrzestrze%C5%84%20Muzyki%20Wsp%C3%B3%C5%82czesnej%20Hashtag%20Lab!5e1!3m2!1sen!2spl!4v1759651251575!5m2!1sen!2spl\" width=\"600\" height=\"450\" style=\"border:0;\" allowfullscreen=\"\" loading=\"lazy\" referrerpolicy=\"no-referrer-when-downgrade\"><\/iframe>\n<\/div>\n<\/div>\n\n\n\n<div class=\"wp-block-columns is-layout-flex wp-container-core-columns-is-layout-28f84493 wp-block-columns-is-layout-flex\">\n<div class=\"wp-block-column is-layout-flow wp-block-column-is-layout-flow\">\n<p><strong>Hashtag Lab \u2013 Rehearsal Space<\/strong> <br>Every Wednesday from 2:00 PM to 6:00 PM, we open our doors to musicians by offering free space for rehearsals and other musical activities. Contemporary music is not a requirement! To book the room, please send your request to: <a href=\"mailto:proby@hashtaglab.pl\">proby@hashtaglab.pl<\/a> <br><br>Your email should include: the number of artists participating, instrumentation (list of instruments), contact details: full name and phone number. <br><br>Once you receive a booking confirmation from us \u2013 we look forward to seeing you at the scheduled time!<\/p>\n<\/div>\n<\/div>\n\n\n\n<p><\/p>","protected":false},"excerpt":{"rendered":"<p>Ch\u00f3r Kameralny SIRENESPrzestrze\u0144 Muzyki Wsp\u00f3\u0142czesnejHashtag Labul. Barska 2902-315 Warszawa Godziny pr\u00f3bPoniedzia\u0142ek i \u015broda 18:45-20:45 Fundacja Sirenesul. Dzielna 17\/1001-029 Warszawa\u00a0KRS 0000635610NIP [&hellip;]<\/p>\n","protected":false},"author":1,"featured_media":0,"parent":0,"menu_order":0,"comment_status":"closed","ping_status":"closed","template":"","meta":{"site-sidebar-layout":"default","site-content-layout":"","ast-site-content-layout":"default","site-content-style":"default","site-sidebar-style":"default","ast-global-header-display":"","ast-banner-title-visibility":"","ast-main-header-display":"","ast-hfb-above-header-display":"","ast-hfb-below-header-display":"","ast-hfb-mobile-header-display":"","site-post-title":"","ast-breadcrumbs-content":"","ast-featured-img":"","footer-sml-layout":"","ast-disable-related-posts":"","theme-transparent-header-meta":"","adv-header-id-meta":"","stick-header-meta":"","header-above-stick-meta":"","header-main-stick-meta":"","header-below-stick-meta":"","astra-migrate-meta-layouts":"default","ast-page-background-enabled":"default","ast-page-background-meta":{"desktop":{"background-color":"var(--ast-global-color-5)","background-image":"","background-repeat":"repeat","background-position":"center center","background-size":"auto","background-attachment":"scroll","background-type":"","background-media":"","overlay-type":"","overlay-color":"","overlay-opacity":"","overlay-gradient":""},"tablet":{"background-color":"","background-image":"","background-repeat":"repeat","background-position":"center center","background-size":"auto","background-attachment":"scroll","background-type":"","background-media":"","overlay-type":"","overlay-color":"","overlay-opacity":"","overlay-gradient":""},"mobile":{"background-color":"","background-image":"","background-repeat":"repeat","background-position":"center center","background-size":"auto","background-attachment":"scroll","background-type":"","background-media":"","overlay-type":"","overlay-color":"","overlay-opacity":"","overlay-gradient":""}},"ast-content-background-meta":{"desktop":{"background-color":"var(--ast-global-color-4)","background-image":"","background-repeat":"repeat","background-position":"center center","background-size":"auto","background-attachment":"scroll","background-type":"","background-media":"","overlay-type":"","overlay-color":"","overlay-opacity":"","overlay-gradient":""},"tablet":{"background-color":"var(--ast-global-color-4)","background-image":"","background-repeat":"repeat","background-position":"center center","background-size":"auto","background-attachment":"scroll","background-type":"","background-media":"","overlay-type":"","overlay-color":"","overlay-opacity":"","overlay-gradient":""},"mobile":{"background-color":"var(--ast-global-color-4)","background-image":"","background-repeat":"repeat","background-position":"center center","background-size":"auto","background-attachment":"scroll","background-type":"","background-media":"","overlay-type":"","overlay-color":"","overlay-opacity":"","overlay-gradient":""}},"footnotes":""},"class_list":["post-45","page","type-page","status-publish","hentry"],"_links":{"self":[{"href":"https:\/\/sirenes.pl\/en\/wp-json\/wp\/v2\/pages\/45","targetHints":{"allow":["GET"]}}],"collection":[{"href":"https:\/\/sirenes.pl\/en\/wp-json\/wp\/v2\/pages"}],"about":[{"href":"https:\/\/sirenes.pl\/en\/wp-json\/wp\/v2\/types\/page"}],"author":[{"embeddable":true,"href":"https:\/\/sirenes.pl\/en\/wp-json\/wp\/v2\/users\/1"}],"replies":[{"embeddable":true,"href":"https:\/\/sirenes.pl\/en\/wp-json\/wp\/v2\/comments?post=45"}],"version-history":[{"count":5,"href":"https:\/\/sirenes.pl\/en\/wp-json\/wp\/v2\/pages\/45\/revisions"}],"predecessor-version":[{"id":345,"href":"https:\/\/sirenes.pl\/en\/wp-json\/wp\/v2\/pages\/45\/revisions\/345"}],"wp:attachment":[{"href":"https:\/\/sirenes.pl\/en\/wp-json\/wp\/v2\/media?parent=45"}],"curies":[{"name":"wp","href":"https:\/\/api.w.org\/{rel}","templated":true}]}}