{"id":41,"date":"2020-05-21T12:51:25","date_gmt":"2020-05-21T10:51:25","guid":{"rendered":"http:\/\/sirenes.pl\/?page_id=41"},"modified":"2026-03-24T20:57:05","modified_gmt":"2026-03-24T19:57:05","slug":"fundacja","status":"publish","type":"page","link":"https:\/\/sirenes.pl\/en\/fundacja\/","title":{"rendered":"FOUNDATION"},"content":{"rendered":"<div class=\"wp-block-columns is-layout-flex wp-container-core-columns-is-layout-28f84493 wp-block-columns-is-layout-flex\">\n<div class=\"wp-block-column is-layout-flow wp-block-column-is-layout-flow\" style=\"flex-basis:66.66%\">\n<figure class=\"wp-block-image aligncenter size-large\"><img loading=\"lazy\" decoding=\"async\" width=\"752\" height=\"277\" src=\"http:\/\/sirenes.pl\/wp-content\/uploads\/2020\/05\/Przechwytywanie.jpg\" alt=\"\" class=\"wp-image-42\" srcset=\"https:\/\/sirenes.pl\/wp-content\/uploads\/2020\/05\/Przechwytywanie.jpg 752w, https:\/\/sirenes.pl\/wp-content\/uploads\/2020\/05\/Przechwytywanie-300x111.jpg 300w\" sizes=\"auto, (max-width: 752px) 100vw, 752px\" \/><\/figure>\n\n\n\n<p><strong>Julita Skomorowska<\/strong> \u2013 President of the Board<br><strong>Magdalena Gruziel <\/strong>\u2013 Vice-President of the Board<br><strong>Helena Kudrewicz-Czarniecka<\/strong> \u2013 Vice-President of the Board<br><strong>Dorota Mr\u00f3z<\/strong> \u2013 Chair of the Council<br><strong>Dominika Jagie\u0142\u0142o<\/strong> \u2013 Council Member<\/p>\n\n\n\n<p>The SIRENES Foundation was established in 2016. Its objectives include cultural activities, charity work, and social assistance, with a particular focus on: promoting culture, art, and the protection of cultural assets and national heritage; upholding and disseminating national traditions; cultivating Polish identity and developing national, civic, and cultural awareness.<\/p>\n\n\n\n<p><a href=\"https:\/\/sirenes.pl\/wp-content\/uploads\/2025\/11\/Statut_PDF-aktualny.pdf\" data-type=\"attachment\" data-id=\"166\">Statute of the SIRENES Foundation<\/a><\/p>\n<\/div>\n\n\n\n<div class=\"wp-block-column is-layout-flow wp-block-column-is-layout-flow\" style=\"flex-basis:33.33%\">\n<div style=\"max-width: 360px; margin: 0 auto;\">\n  <div style=\"position: relative; padding-top: 177.77%;\">\n    <iframe \n      src=\"https:\/\/www.youtube.com\/embed\/mgUMdoM-wWk\"\n      title=\"YouTube Shorts\"\n      style=\"position: absolute; top: 0; left: 0; width: 100%; height: 100%;\"\n      frameborder=\"0\"\n      allow=\"accelerometer; autoplay; clipboard-write; encrypted-media; gyroscope; picture-in-picture; web-share\"\n      allowfullscreen>\n    <\/iframe>\n  <\/div>\n<\/div>\n<\/div>\n<\/div>\n\n\n\n<p><\/p>\n\n\n<style>.kb-image41_35b47f-76 .kb-image-has-overlay:after{opacity:0.3;}<\/style>\n<div class=\"wp-block-kadence-image kb-image41_35b47f-76\"><figure class=\"aligncenter size-large\"><img loading=\"lazy\" decoding=\"async\" width=\"1024\" height=\"684\" src=\"http:\/\/sirenes.pl\/wp-content\/uploads\/2026\/01\/Sirenes_zespol_19edit_dig_MP-1024x684.jpg\" alt=\"\" class=\"kb-img wp-image-424\" srcset=\"https:\/\/sirenes.pl\/wp-content\/uploads\/2026\/01\/Sirenes_zespol_19edit_dig_MP-1024x684.jpg 1024w, https:\/\/sirenes.pl\/wp-content\/uploads\/2026\/01\/Sirenes_zespol_19edit_dig_MP-300x200.jpg 300w, https:\/\/sirenes.pl\/wp-content\/uploads\/2026\/01\/Sirenes_zespol_19edit_dig_MP-768x513.jpg 768w, https:\/\/sirenes.pl\/wp-content\/uploads\/2026\/01\/Sirenes_zespol_19edit_dig_MP-1536x1026.jpg 1536w, https:\/\/sirenes.pl\/wp-content\/uploads\/2026\/01\/Sirenes_zespol_19edit_dig_MP.jpg 1920w\" sizes=\"auto, (max-width: 1024px) 100vw, 1024px\" \/><\/figure><\/div>","protected":false},"excerpt":{"rendered":"<p>Julita Skomorowska \u2013 prezeska zarz\u0105duMagdalena Gruziel \u2013 wiceprezeska zarz\u0105duHelena Kudrewicz-Czarniecka \u2013 wiceprezeska zarz\u0105duDorota Mr\u00f3z \u2013 przewodnicz\u0105ca radyDominika Jagie\u0142\u0142o \u2013 cz\u0142onkini [&hellip;]<\/p>\n","protected":false},"author":1,"featured_media":0,"parent":0,"menu_order":0,"comment_status":"closed","ping_status":"closed","template":"","meta":{"site-sidebar-layout":"default","site-content-layout":"","ast-site-content-layout":"default","site-content-style":"default","site-sidebar-style":"default","ast-global-header-display":"","ast-banner-title-visibility":"","ast-main-header-display":"","ast-hfb-above-header-display":"","ast-hfb-below-header-display":"","ast-hfb-mobile-header-display":"","site-post-title":"disabled","ast-breadcrumbs-content":"","ast-featured-img":"","footer-sml-layout":"","ast-disable-related-posts":"","theme-transparent-header-meta":"","adv-header-id-meta":"","stick-header-meta":"","header-above-stick-meta":"","header-main-stick-meta":"","header-below-stick-meta":"","astra-migrate-meta-layouts":"default","ast-page-background-enabled":"default","ast-page-background-meta":{"desktop":{"background-color":"var(--ast-global-color-5)","background-image":"","background-repeat":"repeat","background-position":"center center","background-size":"auto","background-attachment":"scroll","background-type":"","background-media":"","overlay-type":"","overlay-color":"","overlay-opacity":"","overlay-gradient":""},"tablet":{"background-color":"","background-image":"","background-repeat":"repeat","background-position":"center center","background-size":"auto","background-attachment":"scroll","background-type":"","background-media":"","overlay-type":"","overlay-color":"","overlay-opacity":"","overlay-gradient":""},"mobile":{"background-color":"","background-image":"","background-repeat":"repeat","background-position":"center center","background-size":"auto","background-attachment":"scroll","background-type":"","background-media":"","overlay-type":"","overlay-color":"","overlay-opacity":"","overlay-gradient":""}},"ast-content-background-meta":{"desktop":{"background-color":"var(--ast-global-color-4)","background-image":"","background-repeat":"repeat","background-position":"center center","background-size":"auto","background-attachment":"scroll","background-type":"","background-media":"","overlay-type":"","overlay-color":"","overlay-opacity":"","overlay-gradient":""},"tablet":{"background-color":"var(--ast-global-color-4)","background-image":"","background-repeat":"repeat","background-position":"center center","background-size":"auto","background-attachment":"scroll","background-type":"","background-media":"","overlay-type":"","overlay-color":"","overlay-opacity":"","overlay-gradient":""},"mobile":{"background-color":"var(--ast-global-color-4)","background-image":"","background-repeat":"repeat","background-position":"center center","background-size":"auto","background-attachment":"scroll","background-type":"","background-media":"","overlay-type":"","overlay-color":"","overlay-opacity":"","overlay-gradient":""}},"footnotes":""},"class_list":["post-41","page","type-page","status-publish","hentry"],"_links":{"self":[{"href":"https:\/\/sirenes.pl\/en\/wp-json\/wp\/v2\/pages\/41","targetHints":{"allow":["GET"]}}],"collection":[{"href":"https:\/\/sirenes.pl\/en\/wp-json\/wp\/v2\/pages"}],"about":[{"href":"https:\/\/sirenes.pl\/en\/wp-json\/wp\/v2\/types\/page"}],"author":[{"embeddable":true,"href":"https:\/\/sirenes.pl\/en\/wp-json\/wp\/v2\/users\/1"}],"replies":[{"embeddable":true,"href":"https:\/\/sirenes.pl\/en\/wp-json\/wp\/v2\/comments?post=41"}],"version-history":[{"count":11,"href":"https:\/\/sirenes.pl\/en\/wp-json\/wp\/v2\/pages\/41\/revisions"}],"predecessor-version":[{"id":461,"href":"https:\/\/sirenes.pl\/en\/wp-json\/wp\/v2\/pages\/41\/revisions\/461"}],"wp:attachment":[{"href":"https:\/\/sirenes.pl\/en\/wp-json\/wp\/v2\/media?parent=41"}],"curies":[{"name":"wp","href":"https:\/\/api.w.org\/{rel}","templated":true}]}}