{"id":2,"date":"2020-05-21T11:22:10","date_gmt":"2020-05-21T09:22:10","guid":{"rendered":"http:\/\/sirenes.pl\/?page_id=2"},"modified":"2026-03-24T20:29:48","modified_gmt":"2026-03-24T19:29:48","slug":"strona-glowna","status":"publish","type":"page","link":"https:\/\/sirenes.pl\/en\/","title":{"rendered":"SIRENES <br> Chamber Choir"},"content":{"rendered":"<style>.kb-gallery-id-2_b13ad5-58 .kadence-blocks-gallery-item .kb-gal-image-radius, .kb-gallery-id-2_b13ad5-58 .kb-slide-item .kb-gal-image-radius img{border-radius:0px 0px 0px 0px;;}.kb-gallery-wrap-id-2_b13ad5-58.wp-block-kadence-advancedgallery{overflow:visible;}.kb-gallery-wrap-id-2_b13ad5-58.wp-block-kadence-advancedgallery .kt-blocks-carousel{overflow:visible;}<\/style><div class=\"kb-gallery-wrap-id-2_b13ad5-58 alignnone wp-block-kadence-advancedgallery\"><div class=\"kb-gallery-ul kb-gallery-non-static kb-gallery-type-slider kb-gallery-id-2_b13ad5-58 kb-gallery-caption-style-bottom-hover kb-gallery-filter-none\" data-image-filter=\"none\" data-lightbox-caption=\"true\"><div class=\"kt-blocks-carousel splide kt-carousel-container-dotstyle-dark kt-carousel-arrowstyle-whiteondark kt-carousel-dotstyle-dark kb-slider-group-arrow kb-slider-arrow-position-center\" data-slider-anim-speed=\"400\" data-slider-scroll=\"1\" data-slider-arrows=\"true\" data-slider-fade=\"true\" data-slider-dots=\"true\" data-slider-type=\"slider\" data-slider-hover-pause=\"false\" data-slider-auto=\"\" data-slider-speed=\"7000\" data-show-pause-button=\"false\"><div class=\"splide__track\"><ul class=\"kt-blocks-carousel-init kb-blocks-slider splide__list\"><li class=\"kb-slide-item kb-gallery-slide-item splide__slide\"><div class=\"kadence-blocks-gallery-item\"><div class=\"kadence-blocks-gallery-item-inner\"><figure class=\"kb-gallery-figure kadence-blocks-gallery-item-hide-caption\"><div class=\"kb-gal-image-radius\"><div class=\"kb-gallery-image-contain kadence-blocks-gallery-intrinsic kb-gallery-image-ratio-inherit kb-has-image-ratio-inherit\" ><img loading=\"lazy\" decoding=\"async\" src=\"http:\/\/sirenes.pl\/wp-content\/uploads\/2025\/11\/Sirenes_zespol_25edit_dig_fotPatMic.jpg\" width=\"1920\" height=\"1282\" alt=\"\" data-full-image=\"http:\/\/sirenes.pl\/wp-content\/uploads\/2025\/11\/Sirenes_zespol_25edit_dig_fotPatMic.jpg\" data-light-image=\"http:\/\/sirenes.pl\/wp-content\/uploads\/2025\/11\/Sirenes_zespol_25edit_dig_fotPatMic.jpg\" data-id=\"161\" class=\"wp-image-161 skip-lazy\" srcset=\"https:\/\/sirenes.pl\/wp-content\/uploads\/2025\/11\/Sirenes_zespol_25edit_dig_fotPatMic.jpg 1920w, https:\/\/sirenes.pl\/wp-content\/uploads\/2025\/11\/Sirenes_zespol_25edit_dig_fotPatMic-300x200.jpg 300w, https:\/\/sirenes.pl\/wp-content\/uploads\/2025\/11\/Sirenes_zespol_25edit_dig_fotPatMic-1024x684.jpg 1024w, https:\/\/sirenes.pl\/wp-content\/uploads\/2025\/11\/Sirenes_zespol_25edit_dig_fotPatMic-768x513.jpg 768w, https:\/\/sirenes.pl\/wp-content\/uploads\/2025\/11\/Sirenes_zespol_25edit_dig_fotPatMic-1536x1026.jpg 1536w\" sizes=\"auto, (max-width: 1920px) 100vw, 1920px\" \/><\/div><\/div><\/figure><\/div><\/div><\/li><li class=\"kb-slide-item kb-gallery-slide-item splide__slide\"><div class=\"kadence-blocks-gallery-item\"><div class=\"kadence-blocks-gallery-item-inner\"><figure class=\"kb-gallery-figure kadence-blocks-gallery-item-hide-caption\"><div class=\"kb-gal-image-radius\"><div class=\"kb-gallery-image-contain kadence-blocks-gallery-intrinsic kb-gallery-image-ratio-inherit kb-has-image-ratio-inherit\" ><img loading=\"lazy\" decoding=\"async\" src=\"http:\/\/sirenes.pl\/wp-content\/uploads\/2025\/11\/Sirenes_zespol_19edit_dig_fotPatMic.jpg\" width=\"1920\" height=\"1282\" alt=\"\" data-full-image=\"http:\/\/sirenes.pl\/wp-content\/uploads\/2025\/11\/Sirenes_zespol_19edit_dig_fotPatMic.jpg\" data-light-image=\"http:\/\/sirenes.pl\/wp-content\/uploads\/2025\/11\/Sirenes_zespol_19edit_dig_fotPatMic.jpg\" data-id=\"197\" class=\"wp-image-197 skip-lazy\" srcset=\"https:\/\/sirenes.pl\/wp-content\/uploads\/2025\/11\/Sirenes_zespol_19edit_dig_fotPatMic.jpg 1920w, https:\/\/sirenes.pl\/wp-content\/uploads\/2025\/11\/Sirenes_zespol_19edit_dig_fotPatMic-300x200.jpg 300w, https:\/\/sirenes.pl\/wp-content\/uploads\/2025\/11\/Sirenes_zespol_19edit_dig_fotPatMic-1024x684.jpg 1024w, https:\/\/sirenes.pl\/wp-content\/uploads\/2025\/11\/Sirenes_zespol_19edit_dig_fotPatMic-768x513.jpg 768w, https:\/\/sirenes.pl\/wp-content\/uploads\/2025\/11\/Sirenes_zespol_19edit_dig_fotPatMic-1536x1026.jpg 1536w\" sizes=\"auto, (max-width: 1920px) 100vw, 1920px\" \/><\/div><\/div><\/figure><\/div><\/div><\/li><li class=\"kb-slide-item kb-gallery-slide-item splide__slide\"><div class=\"kadence-blocks-gallery-item\"><div class=\"kadence-blocks-gallery-item-inner\"><figure class=\"kb-gallery-figure kadence-blocks-gallery-item-hide-caption\"><div class=\"kb-gal-image-radius\"><div class=\"kb-gallery-image-contain kadence-blocks-gallery-intrinsic kb-gallery-image-ratio-inherit kb-has-image-ratio-inherit\" ><img loading=\"lazy\" decoding=\"async\" src=\"http:\/\/sirenes.pl\/wp-content\/uploads\/2026\/01\/Sirenes_zespol_22edit_dig_MP.jpg\" width=\"1920\" height=\"1282\" alt=\"\" data-full-image=\"http:\/\/sirenes.pl\/wp-content\/uploads\/2026\/01\/Sirenes_zespol_22edit_dig_MP.jpg\" data-light-image=\"http:\/\/sirenes.pl\/wp-content\/uploads\/2026\/01\/Sirenes_zespol_22edit_dig_MP.jpg\" data-id=\"414\" class=\"wp-image-414 skip-lazy\" srcset=\"https:\/\/sirenes.pl\/wp-content\/uploads\/2026\/01\/Sirenes_zespol_22edit_dig_MP.jpg 1920w, https:\/\/sirenes.pl\/wp-content\/uploads\/2026\/01\/Sirenes_zespol_22edit_dig_MP-300x200.jpg 300w, https:\/\/sirenes.pl\/wp-content\/uploads\/2026\/01\/Sirenes_zespol_22edit_dig_MP-1024x684.jpg 1024w, https:\/\/sirenes.pl\/wp-content\/uploads\/2026\/01\/Sirenes_zespol_22edit_dig_MP-768x513.jpg 768w, https:\/\/sirenes.pl\/wp-content\/uploads\/2026\/01\/Sirenes_zespol_22edit_dig_MP-1536x1026.jpg 1536w\" sizes=\"auto, (max-width: 1920px) 100vw, 1920px\" \/><\/div><\/div><\/figure><\/div><\/div><\/li><li class=\"kb-slide-item kb-gallery-slide-item splide__slide\"><div class=\"kadence-blocks-gallery-item\"><div class=\"kadence-blocks-gallery-item-inner\"><figure class=\"kb-gallery-figure kadence-blocks-gallery-item-hide-caption\"><div class=\"kb-gal-image-radius\"><div class=\"kb-gallery-image-contain kadence-blocks-gallery-intrinsic kb-gallery-image-ratio-inherit kb-has-image-ratio-inherit\" ><img loading=\"lazy\" decoding=\"async\" src=\"http:\/\/sirenes.pl\/wp-content\/uploads\/2026\/01\/Sirenes_urodziny_27edit_dig_MP.jpg\" width=\"1920\" height=\"1282\" alt=\"\" data-full-image=\"http:\/\/sirenes.pl\/wp-content\/uploads\/2026\/01\/Sirenes_urodziny_27edit_dig_MP.jpg\" data-light-image=\"http:\/\/sirenes.pl\/wp-content\/uploads\/2026\/01\/Sirenes_urodziny_27edit_dig_MP.jpg\" data-id=\"415\" class=\"wp-image-415 skip-lazy\" srcset=\"https:\/\/sirenes.pl\/wp-content\/uploads\/2026\/01\/Sirenes_urodziny_27edit_dig_MP.jpg 1920w, https:\/\/sirenes.pl\/wp-content\/uploads\/2026\/01\/Sirenes_urodziny_27edit_dig_MP-300x200.jpg 300w, https:\/\/sirenes.pl\/wp-content\/uploads\/2026\/01\/Sirenes_urodziny_27edit_dig_MP-1024x684.jpg 1024w, https:\/\/sirenes.pl\/wp-content\/uploads\/2026\/01\/Sirenes_urodziny_27edit_dig_MP-768x513.jpg 768w, https:\/\/sirenes.pl\/wp-content\/uploads\/2026\/01\/Sirenes_urodziny_27edit_dig_MP-1536x1026.jpg 1536w\" sizes=\"auto, (max-width: 1920px) 100vw, 1920px\" \/><\/div><\/div><\/figure><\/div><\/div><\/li><\/ul><\/div><\/div><\/div><\/div>\n\n\n<p>We are a women\u2019s choir \u2013 an ensemble that creates space for exceptional aesthetic experiences through performance of contemporary choral music at the highest artistic level.<\/p>\n\n\n\n<p>We are passionate about promoting culture, supporting young Polish composers, and championing a modern approach to choral singing. We educate, inspire, and engage our community in creative endeavours that are inclusive, bold, and unconventional.&nbsp;<\/p>\n\n\n\n<p>While our focus is contemporary, we do not shy away from earlier periods; we also reach for early and classical works, often reinterpreting them through a modern lens or blending them with new sounds. We weave traditional motifs with modern means of expression, creating unique musical spaces where different eras engage in dialogue.&nbsp;<\/p>\n\n\n\n<p>Our mission is to reach people from all walks of life and with varying levels of musical experience \u2013 from seasoned connoisseurs to those just beginning their journey with choral music.&nbsp;<\/p>\n\n\n\n<p>We believe that music can be a space for everyone to meet, grow, and transform.<\/p>\n\n\n\n<div class=\"wp-block-columns is-layout-flex wp-container-core-columns-is-layout-28f84493 wp-block-columns-is-layout-flex\">\n<div class=\"wp-block-column is-layout-flow wp-block-column-is-layout-flow\">\n<iframe loading=\"lazy\" width=\"560\" height=\"315\" src=\"https:\/\/www.youtube.com\/embed\/x5ZIiP3mBJ0?si=Z_QHFZ80V0zIHgZU\" title=\"YouTube video player\" frameborder=\"0\" allow=\"accelerometer; autoplay; clipboard-write; encrypted-media; gyroscope; picture-in-picture; web-share\" referrerpolicy=\"strict-origin-when-cross-origin\" allowfullscreen><\/iframe>\n<\/div>\n\n\n\n<div class=\"wp-block-column is-layout-flow wp-block-column-is-layout-flow\">\n<iframe loading=\"lazy\" width=\"560\" height=\"315\" src=\"https:\/\/www.youtube.com\/embed\/KmNMQqo_4ts?si=-a0Bkq4qUtRC_YwK\" title=\"YouTube video player\" frameborder=\"0\" allow=\"accelerometer; autoplay; clipboard-write; encrypted-media; gyroscope; picture-in-picture; web-share\" referrerpolicy=\"strict-origin-when-cross-origin\" allowfullscreen><\/iframe>\n<\/div>\n\n\n\n<div class=\"wp-block-column is-layout-flow wp-block-column-is-layout-flow\">\n<iframe loading=\"lazy\" width=\"560\" height=\"315\" src=\"https:\/\/www.youtube.com\/embed\/D8FsmksBg80?si=1zUwZ1dXTxqoKfU7\" title=\"YouTube video player\" frameborder=\"0\" allow=\"accelerometer; autoplay; clipboard-write; encrypted-media; gyroscope; picture-in-picture; web-share\" referrerpolicy=\"strict-origin-when-cross-origin\" allowfullscreen><\/iframe>\n<\/div>\n<\/div>\n\n\n\n<p>As a female vocal ensemble, we want the SIRENES Chamber Choir to be a recognizable and inspiring voice of contemporary choral music \u2013 a symbol of quality, courage, and openness. With passion and curiosity, we explore new repertoire, initiating experimental projects at the intersection of various art forms.&nbsp;<\/p>\n\n\n\n<p>We dream of a community of fans who will fall in love with choral music thanks to our concerts, projects, and educational initiatives. We aspire to create a community that celebrates diversity, inclusivity, and the joy of singing \u2013 a space where everyone, regardless of their background or experience, can meet, grow, and feel a sense of belonging.<\/p>\n\n\n\n<div class=\"wp-block-buttons is-content-justification-center is-layout-flex wp-container-core-buttons-is-layout-a89b3969 wp-block-buttons-is-layout-flex\">\n<div class=\"wp-block-button is-style-fill\"><a class=\"wp-block-button__link has-background wp-element-button\" href=\"https:\/\/sirenes.pl\/wesprzyj\/\" style=\"background-color:#2793b9\">#DONATE<\/a><\/div>\n<\/div>\n\n\n\n<p><\/p>","protected":false},"excerpt":{"rendered":"<p>Jeste\u015bmy ch\u00f3rem kobiet \u2013 zespo\u0142em, kt\u00f3ry tworzy przestrze\u0144 dla wyj\u0105tkowych dozna\u0144 estetycznych poprzez wykonania wsp\u00f3\u0142czesnej muzyki ch\u00f3ralnej na najwy\u017cszym poziomie [&hellip;]<\/p>\n","protected":false},"author":1,"featured_media":0,"parent":0,"menu_order":0,"comment_status":"closed","ping_status":"open","template":"","meta":{"site-sidebar-layout":"default","site-content-layout":"","ast-site-content-layout":"default","site-content-style":"default","site-sidebar-style":"default","ast-global-header-display":"","ast-banner-title-visibility":"","ast-main-header-display":"","ast-hfb-above-header-display":"","ast-hfb-below-header-display":"","ast-hfb-mobile-header-display":"","site-post-title":"disabled","ast-breadcrumbs-content":"","ast-featured-img":"","footer-sml-layout":"","ast-disable-related-posts":"","theme-transparent-header-meta":"","adv-header-id-meta":"","stick-header-meta":"","header-above-stick-meta":"","header-main-stick-meta":"","header-below-stick-meta":"","astra-migrate-meta-layouts":"default","ast-page-background-enabled":"default","ast-page-background-meta":{"desktop":{"background-color":"var(--ast-global-color-5)","background-image":"","background-repeat":"repeat","background-position":"center center","background-size":"auto","background-attachment":"scroll","background-type":"","background-media":"","overlay-type":"","overlay-color":"","overlay-opacity":"","overlay-gradient":""},"tablet":{"background-color":"","background-image":"","background-repeat":"repeat","background-position":"center center","background-size":"auto","background-attachment":"scroll","background-type":"","background-media":"","overlay-type":"","overlay-color":"","overlay-opacity":"","overlay-gradient":""},"mobile":{"background-color":"","background-image":"","background-repeat":"repeat","background-position":"center center","background-size":"auto","background-attachment":"scroll","background-type":"","background-media":"","overlay-type":"","overlay-color":"","overlay-opacity":"","overlay-gradient":""}},"ast-content-background-meta":{"desktop":{"background-color":"var(--ast-global-color-4)","background-image":"","background-repeat":"repeat","background-position":"center center","background-size":"auto","background-attachment":"scroll","background-type":"","background-media":"","overlay-type":"","overlay-color":"","overlay-opacity":"","overlay-gradient":""},"tablet":{"background-color":"var(--ast-global-color-4)","background-image":"","background-repeat":"repeat","background-position":"center center","background-size":"auto","background-attachment":"scroll","background-type":"","background-media":"","overlay-type":"","overlay-color":"","overlay-opacity":"","overlay-gradient":""},"mobile":{"background-color":"var(--ast-global-color-4)","background-image":"","background-repeat":"repeat","background-position":"center center","background-size":"auto","background-attachment":"scroll","background-type":"","background-media":"","overlay-type":"","overlay-color":"","overlay-opacity":"","overlay-gradient":""}},"footnotes":""},"class_list":["post-2","page","type-page","status-publish","hentry"],"_links":{"self":[{"href":"https:\/\/sirenes.pl\/en\/wp-json\/wp\/v2\/pages\/2","targetHints":{"allow":["GET"]}}],"collection":[{"href":"https:\/\/sirenes.pl\/en\/wp-json\/wp\/v2\/pages"}],"about":[{"href":"https:\/\/sirenes.pl\/en\/wp-json\/wp\/v2\/types\/page"}],"author":[{"embeddable":true,"href":"https:\/\/sirenes.pl\/en\/wp-json\/wp\/v2\/users\/1"}],"replies":[{"embeddable":true,"href":"https:\/\/sirenes.pl\/en\/wp-json\/wp\/v2\/comments?post=2"}],"version-history":[{"count":26,"href":"https:\/\/sirenes.pl\/en\/wp-json\/wp\/v2\/pages\/2\/revisions"}],"predecessor-version":[{"id":455,"href":"https:\/\/sirenes.pl\/en\/wp-json\/wp\/v2\/pages\/2\/revisions\/455"}],"wp:attachment":[{"href":"https:\/\/sirenes.pl\/en\/wp-json\/wp\/v2\/media?parent=2"}],"curies":[{"name":"wp","href":"https:\/\/api.w.org\/{rel}","templated":true}]}}