{"id":100,"date":"2025-11-03T06:20:17","date_gmt":"2025-11-03T05:20:17","guid":{"rendered":"https:\/\/sirenes.pl\/?page_id=100"},"modified":"2025-11-03T06:20:17","modified_gmt":"2025-11-03T05:20:17","slug":"osiagniecia","status":"publish","type":"page","link":"https:\/\/sirenes.pl\/en\/osiagniecia\/","title":{"rendered":"ACHIEVEMENTS"},"content":{"rendered":"<h2 class=\"wp-block-heading has-text-color has-link-color wp-elements-8d2606b78e9ddf83eb8600b26836f1aa\" style=\"color:#2793b9\">2025<\/h2>\n\n\n\n<p>Z\u0142oty Dyplom i Nagroda za najlepsze wykonanie utworu Marka Jasi\u0144skiego \u201eBeatus vir\u201d podczas pierwszej edycji Mi\u0119dzynarodowego Konkursu Ch\u00f3ralnego Zespo\u0142\u00f3w Kameralnych im. prof. Marka Jasi\u0144skiego<\/p>\n\n\n<style>.kb-image100_de837c-cb .kb-image-has-overlay:after{opacity:0.3;}<\/style>\n<figure class=\"wp-block-kadence-image kb-image100_de837c-cb size-large\"><img loading=\"lazy\" decoding=\"async\" width=\"734\" height=\"1024\" src=\"http:\/\/sirenes.pl\/wp-content\/uploads\/2025\/11\/Stargard-734x1024.jpg\" alt=\"\" class=\"kb-img wp-image-119\" srcset=\"https:\/\/sirenes.pl\/wp-content\/uploads\/2025\/11\/Stargard-734x1024.jpg 734w, https:\/\/sirenes.pl\/wp-content\/uploads\/2025\/11\/Stargard-215x300.jpg 215w, https:\/\/sirenes.pl\/wp-content\/uploads\/2025\/11\/Stargard-768x1072.jpg 768w, https:\/\/sirenes.pl\/wp-content\/uploads\/2025\/11\/Stargard-1101x1536.jpg 1101w, https:\/\/sirenes.pl\/wp-content\/uploads\/2025\/11\/Stargard.jpg 1232w\" sizes=\"auto, (max-width: 734px) 100vw, 734px\" \/><\/figure>\n\n\n\n<p> <\/p>\n\n\n\n<hr class=\"wp-block-separator has-alpha-channel-opacity\"\/>\n\n\n\n<h2 class=\"wp-block-heading has-text-color has-link-color wp-elements-6e35b96cc5652ef95776b9f8872580e7\" style=\"color:#2793b9\">2024<\/h2>\n\n\n\n<p>Z\u0142oty Dyplom w kategorii ch\u00f3r\u00f3w jednorodnych oraz Nagroda specjalna za wykonanie utworu F. Nowowiejskiego \u201eRozpleciony warkocz\u201d podczas XXIII Mi\u0119dzynarodowego Festiwalu Muzyki Ch\u00f3ralnej im. F. Nowowiejskiego w Barczewie<\/p>\n\n\n<style>.kb-image100_9578c6-05 .kb-image-has-overlay:after{opacity:0.3;}<\/style>\n<figure class=\"wp-block-kadence-image kb-image100_9578c6-05 size-large\"><img loading=\"lazy\" decoding=\"async\" width=\"1024\" height=\"768\" src=\"http:\/\/sirenes.pl\/wp-content\/uploads\/2025\/11\/zdjecie-16-1024x768.jpg\" alt=\"\" class=\"kb-img wp-image-118\" srcset=\"https:\/\/sirenes.pl\/wp-content\/uploads\/2025\/11\/zdjecie-16-1024x768.jpg 1024w, https:\/\/sirenes.pl\/wp-content\/uploads\/2025\/11\/zdjecie-16-300x225.jpg 300w, https:\/\/sirenes.pl\/wp-content\/uploads\/2025\/11\/zdjecie-16-768x576.jpg 768w, https:\/\/sirenes.pl\/wp-content\/uploads\/2025\/11\/zdjecie-16.jpg 1440w\" sizes=\"auto, (max-width: 1024px) 100vw, 1024px\" \/><\/figure>\n\n\n\n<hr class=\"wp-block-separator has-alpha-channel-opacity\"\/>\n\n\n\n<h2 class=\"wp-block-heading has-text-color has-link-color wp-elements-853b0c404ed109e502885963508ac32f\" style=\"color:#2793b9\">2023<\/h2>\n\n\n\n<p>Grand Prix oraz Z\u0142oty Dyplom w kategorii ch\u00f3r\u00f3w kameralnych podczas VI Og\u00f3lnopolskiego Konkursu Muzyki Sakralnej \u201cNadzieja w ch\u00f3rze\u201d w Tykocinie; Nagroda za najlepsze wykonanie utworu polskiego kompozytora \u201dPater Noster\u201d Zuzanny Koziej<\/p>\n\n\n<style>.kb-gallery-id-100_2fe9d0-d0 .kadence-blocks-gallery-item .kb-gal-image-radius, .kb-gallery-id-100_2fe9d0-d0 .kb-slide-item .kb-gal-image-radius img{border-radius:0px 0px 0px 0px;;}.kb-gallery-wrap-id-100_2fe9d0-d0.wp-block-kadence-advancedgallery{overflow:visible;}.kb-gallery-wrap-id-100_2fe9d0-d0.wp-block-kadence-advancedgallery .kt-blocks-carousel{overflow:visible;}<\/style><div class=\"kb-gallery-wrap-id-100_2fe9d0-d0 alignnone wp-block-kadence-advancedgallery\"><div class=\"kb-gallery-ul kb-gallery-non-static kb-gallery-type-slider kb-gallery-id-100_2fe9d0-d0 kb-gallery-caption-style-bottom-hover kb-gallery-filter-none\" data-image-filter=\"none\" data-lightbox-caption=\"true\"><div class=\"kt-blocks-carousel splide kt-carousel-container-dotstyle-dark kt-carousel-arrowstyle-whiteondark kt-carousel-dotstyle-dark kb-slider-group-arrow kb-slider-arrow-position-center\" data-slider-anim-speed=\"400\" data-slider-scroll=\"1\" data-slider-arrows=\"true\" data-slider-fade=\"true\" data-slider-dots=\"true\" data-slider-type=\"slider\" data-slider-hover-pause=\"false\" data-slider-auto=\"\" data-slider-speed=\"7000\" data-show-pause-button=\"false\"><div class=\"splide__track\"><ul class=\"kt-blocks-carousel-init kb-blocks-slider splide__list\"><li class=\"kb-slide-item kb-gallery-slide-item splide__slide\"><div class=\"kadence-blocks-gallery-item\"><div class=\"kadence-blocks-gallery-item-inner\"><figure class=\"kb-gallery-figure kadence-blocks-gallery-item-hide-caption\"><div class=\"kb-gal-image-radius\"><div class=\"kb-gallery-image-contain kadence-blocks-gallery-intrinsic kb-gallery-image-ratio-inherit kb-has-image-ratio-inherit\" ><img loading=\"lazy\" decoding=\"async\" src=\"http:\/\/sirenes.pl\/wp-content\/uploads\/2025\/11\/zdjecie-14-1-1024x768.jpg\" width=\"837\" height=\"628\" alt=\"\" data-full-image=\"http:\/\/sirenes.pl\/wp-content\/uploads\/2025\/11\/zdjecie-14-1.jpg\" data-light-image=\"http:\/\/sirenes.pl\/wp-content\/uploads\/2025\/11\/zdjecie-14-1.jpg\" data-id=\"114\" class=\"wp-image-114 skip-lazy\" srcset=\"https:\/\/sirenes.pl\/wp-content\/uploads\/2025\/11\/zdjecie-14-1-1024x768.jpg 1024w, https:\/\/sirenes.pl\/wp-content\/uploads\/2025\/11\/zdjecie-14-1-300x225.jpg 300w, https:\/\/sirenes.pl\/wp-content\/uploads\/2025\/11\/zdjecie-14-1-768x576.jpg 768w, https:\/\/sirenes.pl\/wp-content\/uploads\/2025\/11\/zdjecie-14-1-1536x1152.jpg 1536w, https:\/\/sirenes.pl\/wp-content\/uploads\/2025\/11\/zdjecie-14-1.jpg 2048w\" sizes=\"auto, (max-width: 837px) 100vw, 837px\" \/><\/div><\/div><\/figure><\/div><\/div><\/li><li class=\"kb-slide-item kb-gallery-slide-item splide__slide\"><div class=\"kadence-blocks-gallery-item\"><div class=\"kadence-blocks-gallery-item-inner\"><figure class=\"kb-gallery-figure kadence-blocks-gallery-item-hide-caption\"><div class=\"kb-gal-image-radius\"><div class=\"kb-gallery-image-contain kadence-blocks-gallery-intrinsic kb-gallery-image-ratio-inherit kb-has-image-ratio-inherit\" ><img loading=\"lazy\" decoding=\"async\" src=\"http:\/\/sirenes.pl\/wp-content\/uploads\/2025\/11\/zdjecie-15-1-1024x768.jpg\" width=\"837\" height=\"628\" alt=\"\" data-full-image=\"http:\/\/sirenes.pl\/wp-content\/uploads\/2025\/11\/zdjecie-15-1.jpg\" data-light-image=\"http:\/\/sirenes.pl\/wp-content\/uploads\/2025\/11\/zdjecie-15-1.jpg\" data-id=\"115\" class=\"wp-image-115 skip-lazy\" srcset=\"https:\/\/sirenes.pl\/wp-content\/uploads\/2025\/11\/zdjecie-15-1-1024x768.jpg 1024w, https:\/\/sirenes.pl\/wp-content\/uploads\/2025\/11\/zdjecie-15-1-300x225.jpg 300w, https:\/\/sirenes.pl\/wp-content\/uploads\/2025\/11\/zdjecie-15-1-768x576.jpg 768w, https:\/\/sirenes.pl\/wp-content\/uploads\/2025\/11\/zdjecie-15-1.jpg 1500w\" sizes=\"auto, (max-width: 837px) 100vw, 837px\" \/><\/div><\/div><\/figure><\/div><\/div><\/li><\/ul><\/div><\/div><\/div><\/div>\n\n\n<hr class=\"wp-block-separator has-alpha-channel-opacity\"\/>\n\n\n\n<h2 class=\"wp-block-heading has-text-color has-link-color wp-elements-d61715ed8549ee29b9d1f8a9a4d3fc48\" style=\"color:#2793b9\">2021<\/h2>\n\n\n\n<p>Z\u0142ote Pasmo w kategorii ch\u00f3r\u00f3w jednorodnych podczas XVI Og\u00f3lnopolskiego Konkursu Kol\u0119d i Pastora\u0142ek w Che\u0142mnie<\/p>\n\n\n\n<hr class=\"wp-block-separator has-alpha-channel-opacity\"\/>\n\n\n\n<h2 class=\"wp-block-heading has-text-color has-link-color wp-elements-9cbe962d6bfb00c70098dfd63d625068\" style=\"color:#2793b9\">2018<\/h2>\n\n\n\n<p>I miejsce w konkursie na najlepsze wykonanie pie\u015bni religijnej w j\u0119z. kaszubskim podczas XXX Mi\u0119dzynarodowego Festiwalu Muzyki Religijnej im. ks. St. Ormi\u0144skiego w Rumii; Srebrny Dyplom<\/p>\n\n\n\n<div class=\"wp-block-columns is-layout-flex wp-container-core-columns-is-layout-28f84493 wp-block-columns-is-layout-flex\">\n<div class=\"wp-block-column is-layout-flow wp-block-column-is-layout-flow\"><style>.kb-image100_60c3d3-ea .kb-image-has-overlay:after{opacity:0.3;}<\/style>\n<figure class=\"wp-block-kadence-image kb-image100_60c3d3-ea size-full\"><img loading=\"lazy\" decoding=\"async\" width=\"720\" height=\"960\" src=\"http:\/\/sirenes.pl\/wp-content\/uploads\/2025\/11\/zdjecie-13.jpg\" alt=\"\" class=\"kb-img wp-image-111\" srcset=\"https:\/\/sirenes.pl\/wp-content\/uploads\/2025\/11\/zdjecie-13.jpg 720w, https:\/\/sirenes.pl\/wp-content\/uploads\/2025\/11\/zdjecie-13-225x300.jpg 225w\" sizes=\"auto, (max-width: 720px) 100vw, 720px\" \/><\/figure>\n<\/div>\n\n\n\n<div class=\"wp-block-column is-layout-flow wp-block-column-is-layout-flow\"><style>.kb-image100_212988-4f .kb-image-has-overlay:after{opacity:0.3;}<\/style>\n<figure class=\"wp-block-kadence-image kb-image100_212988-4f size-full\"><img loading=\"lazy\" decoding=\"async\" width=\"720\" height=\"960\" src=\"http:\/\/sirenes.pl\/wp-content\/uploads\/2025\/11\/zdjecie-12.jpg\" alt=\"\" class=\"kb-img wp-image-110\" srcset=\"https:\/\/sirenes.pl\/wp-content\/uploads\/2025\/11\/zdjecie-12.jpg 720w, https:\/\/sirenes.pl\/wp-content\/uploads\/2025\/11\/zdjecie-12-225x300.jpg 225w\" sizes=\"auto, (max-width: 720px) 100vw, 720px\" \/><\/figure>\n<\/div>\n<\/div>\n\n\n\n<hr class=\"wp-block-separator has-alpha-channel-opacity\"\/>\n\n\n\n<h2 class=\"wp-block-heading has-text-color has-link-color wp-elements-a2f6a8bab5506f700746627059df5629\" style=\"color:#2793b9\">2017<\/h2>\n\n\n\n<p>Grand Prix XII Og\u00f3lnopolskiego Konkursu Kol\u0119d i Pastora\u0142ek w Che\u0142mnie<\/p>\n\n\n\n<p>Z\u0142oty dyplom podczas XVI Mi\u0119dzynarodowego Festiwalu Muzyki Ch\u00f3ralnej im. F. Nowowiejskiego w Barczewie; Nagroda specjalna za wykonanie kompozycji wsp\u00f3\u0142czesnej pt. \u201cSpring\u201d \u0112. E\u0161envaldsa<\/p>\n\n\n<style>.kb-image100_506430-a9 .kb-image-has-overlay:after{opacity:0.3;}<\/style>\n<figure class=\"wp-block-kadence-image kb-image100_506430-a9 size-large\"><img loading=\"lazy\" decoding=\"async\" width=\"1024\" height=\"768\" src=\"http:\/\/sirenes.pl\/wp-content\/uploads\/2025\/10\/zdjecie-11-1024x768.jpg\" alt=\"\" class=\"kb-img wp-image-107\" srcset=\"https:\/\/sirenes.pl\/wp-content\/uploads\/2025\/10\/zdjecie-11-1024x768.jpg 1024w, https:\/\/sirenes.pl\/wp-content\/uploads\/2025\/10\/zdjecie-11-300x225.jpg 300w, https:\/\/sirenes.pl\/wp-content\/uploads\/2025\/10\/zdjecie-11-768x576.jpg 768w, https:\/\/sirenes.pl\/wp-content\/uploads\/2025\/10\/zdjecie-11.jpg 1440w\" sizes=\"auto, (max-width: 1024px) 100vw, 1024px\" \/><\/figure>\n\n\n\n<p>I miejsce w kategorii ch\u00f3r\u00f3w jednorodnych i Z\u0142oty Dyplom XIII Mi\u0119dzynarodowego Festiwalu w ramach XIII Mi\u0119dzynarodowego Festiwalu im. H. M. G\u00f3reckiego &#8222;Rybnicka Jesie\u0144 Ch\u00f3ralna&#8221;; Nagroda specjalna za najlepsze wykonanie utworu muzyki wsp\u00f3\u0142czesnej pt. &#8222;Jaakobin pojat&#8221; P. Kostiainena<\/p>\n\n\n\n<hr class=\"wp-block-separator has-alpha-channel-opacity\"\/>\n\n\n\n<h2 class=\"wp-block-heading has-text-color has-link-color wp-elements-18f85b0bef7b2aa9829d60b42b7ca4bd\" style=\"color:#2793b9\">2016<\/h2>\n\n\n\n<p>I miejsce podczas III Og\u00f3lnopolskiego Festiwalu Wsp\u00f3\u0142czesnej Muzyki Ch\u00f3ralnej \u201eMusic&nbsp; Everywhere!\u201d w Gda\u0144sku<\/p>\n\n\n<style>.kb-gallery-id-100_9fcfb5-87 .kadence-blocks-gallery-item .kb-gal-image-radius, .kb-gallery-id-100_9fcfb5-87 .kb-slide-item .kb-gal-image-radius img{border-radius:0px 0px 0px 0px;;}.kb-gallery-wrap-id-100_9fcfb5-87.wp-block-kadence-advancedgallery{overflow:visible;}.kb-gallery-wrap-id-100_9fcfb5-87.wp-block-kadence-advancedgallery .kt-blocks-carousel{overflow:visible;}<\/style><div class=\"kb-gallery-wrap-id-100_9fcfb5-87 alignnone wp-block-kadence-advancedgallery\"><div class=\"kb-gallery-ul kb-gallery-non-static kb-gallery-type-slider kb-gallery-id-100_9fcfb5-87 kb-gallery-caption-style-bottom-hover kb-gallery-filter-none\" data-image-filter=\"none\" data-lightbox-caption=\"true\"><div class=\"kt-blocks-carousel splide kt-carousel-container-dotstyle-dark kt-carousel-arrowstyle-whiteondark kt-carousel-dotstyle-dark kb-slider-group-arrow kb-slider-arrow-position-center\" data-slider-anim-speed=\"400\" data-slider-scroll=\"1\" data-slider-arrows=\"true\" data-slider-fade=\"true\" data-slider-dots=\"true\" data-slider-type=\"slider\" data-slider-hover-pause=\"false\" data-slider-auto=\"\" data-slider-speed=\"7000\" data-show-pause-button=\"false\"><div class=\"splide__track\"><ul class=\"kt-blocks-carousel-init kb-blocks-slider splide__list\"><li class=\"kb-slide-item kb-gallery-slide-item splide__slide\"><div class=\"kadence-blocks-gallery-item\"><div class=\"kadence-blocks-gallery-item-inner\"><figure class=\"kb-gallery-figure kadence-blocks-gallery-item-hide-caption\"><div class=\"kb-gal-image-radius\"><div class=\"kb-gallery-image-contain kadence-blocks-gallery-intrinsic kb-gallery-image-ratio-inherit kb-has-image-ratio-inherit\" ><img loading=\"lazy\" decoding=\"async\" src=\"https:\/\/sirenes.pl\/wp-content\/uploads\/2025\/10\/zdjecie-9-1024x681.jpg\" width=\"1024\" height=\"681\" alt=\"\" data-full-image=\"https:\/\/sirenes.pl\/wp-content\/uploads\/2025\/10\/zdjecie-9.jpg\" data-light-image=\"https:\/\/sirenes.pl\/wp-content\/uploads\/2025\/10\/zdjecie-9.jpg\" data-id=\"104\" class=\"wp-image-104 skip-lazy\" srcset=\"https:\/\/sirenes.pl\/wp-content\/uploads\/2025\/10\/zdjecie-9-1024x681.jpg 1024w, https:\/\/sirenes.pl\/wp-content\/uploads\/2025\/10\/zdjecie-9-300x200.jpg 300w, https:\/\/sirenes.pl\/wp-content\/uploads\/2025\/10\/zdjecie-9-768x511.jpg 768w, https:\/\/sirenes.pl\/wp-content\/uploads\/2025\/10\/zdjecie-9-1536x1022.jpg 1536w, https:\/\/sirenes.pl\/wp-content\/uploads\/2025\/10\/zdjecie-9.jpg 2048w\" sizes=\"auto, (max-width: 1024px) 100vw, 1024px\" \/><\/div><\/div><\/figure><\/div><\/div><\/li><li class=\"kb-slide-item kb-gallery-slide-item splide__slide\"><div class=\"kadence-blocks-gallery-item\"><div class=\"kadence-blocks-gallery-item-inner\"><figure class=\"kb-gallery-figure kadence-blocks-gallery-item-hide-caption\"><div class=\"kb-gal-image-radius\"><div class=\"kb-gallery-image-contain kadence-blocks-gallery-intrinsic kb-gallery-image-ratio-inherit kb-has-image-ratio-inherit\" ><img loading=\"lazy\" decoding=\"async\" src=\"https:\/\/sirenes.pl\/wp-content\/uploads\/2025\/10\/zdjecie-8-685x1024.jpg\" width=\"685\" height=\"1024\" alt=\"\" data-full-image=\"https:\/\/sirenes.pl\/wp-content\/uploads\/2025\/10\/zdjecie-8.jpg\" data-light-image=\"https:\/\/sirenes.pl\/wp-content\/uploads\/2025\/10\/zdjecie-8.jpg\" data-id=\"103\" class=\"wp-image-103 skip-lazy\" srcset=\"https:\/\/sirenes.pl\/wp-content\/uploads\/2025\/10\/zdjecie-8-685x1024.jpg 685w, https:\/\/sirenes.pl\/wp-content\/uploads\/2025\/10\/zdjecie-8-201x300.jpg 201w, https:\/\/sirenes.pl\/wp-content\/uploads\/2025\/10\/zdjecie-8-768x1148.jpg 768w, https:\/\/sirenes.pl\/wp-content\/uploads\/2025\/10\/zdjecie-8.jpg 781w\" sizes=\"auto, (max-width: 685px) 100vw, 685px\" \/><\/div><\/div><\/figure><\/div><\/div><\/li><\/ul><\/div><\/div><\/div><\/div>\n\n\n<hr class=\"wp-block-separator has-alpha-channel-opacity\"\/>\n\n\n\n<p><\/p>","protected":false},"excerpt":{"rendered":"<p>2025 Z\u0142oty Dyplom i Nagroda za najlepsze wykonanie utworu Marka Jasi\u0144skiego \u201eBeatus vir\u201d podczas pierwszej edycji Mi\u0119dzynarodowego Konkursu Ch\u00f3ralnego Zespo\u0142\u00f3w [&hellip;]<\/p>\n","protected":false},"author":4,"featured_media":0,"parent":0,"menu_order":0,"comment_status":"closed","ping_status":"closed","template":"","meta":{"site-sidebar-layout":"default","site-content-layout":"","ast-site-content-layout":"default","site-content-style":"default","site-sidebar-style":"default","ast-global-header-display":"","ast-banner-title-visibility":"","ast-main-header-display":"","ast-hfb-above-header-display":"","ast-hfb-below-header-display":"","ast-hfb-mobile-header-display":"","site-post-title":"","ast-breadcrumbs-content":"","ast-featured-img":"","footer-sml-layout":"","ast-disable-related-posts":"","theme-transparent-header-meta":"","adv-header-id-meta":"","stick-header-meta":"","header-above-stick-meta":"","header-main-stick-meta":"","header-below-stick-meta":"","astra-migrate-meta-layouts":"default","ast-page-background-enabled":"default","ast-page-background-meta":{"desktop":{"background-color":"var(--ast-global-color-5)","background-image":"","background-repeat":"repeat","background-position":"center center","background-size":"auto","background-attachment":"scroll","background-type":"","background-media":"","overlay-type":"","overlay-color":"","overlay-opacity":"","overlay-gradient":""},"tablet":{"background-color":"","background-image":"","background-repeat":"repeat","background-position":"center center","background-size":"auto","background-attachment":"scroll","background-type":"","background-media":"","overlay-type":"","overlay-color":"","overlay-opacity":"","overlay-gradient":""},"mobile":{"background-color":"","background-image":"","background-repeat":"repeat","background-position":"center center","background-size":"auto","background-attachment":"scroll","background-type":"","background-media":"","overlay-type":"","overlay-color":"","overlay-opacity":"","overlay-gradient":""}},"ast-content-background-meta":{"desktop":{"background-color":"var(--ast-global-color-4)","background-image":"","background-repeat":"repeat","background-position":"center center","background-size":"auto","background-attachment":"scroll","background-type":"","background-media":"","overlay-type":"","overlay-color":"","overlay-opacity":"","overlay-gradient":""},"tablet":{"background-color":"var(--ast-global-color-4)","background-image":"","background-repeat":"repeat","background-position":"center center","background-size":"auto","background-attachment":"scroll","background-type":"","background-media":"","overlay-type":"","overlay-color":"","overlay-opacity":"","overlay-gradient":""},"mobile":{"background-color":"var(--ast-global-color-4)","background-image":"","background-repeat":"repeat","background-position":"center center","background-size":"auto","background-attachment":"scroll","background-type":"","background-media":"","overlay-type":"","overlay-color":"","overlay-opacity":"","overlay-gradient":""}},"footnotes":""},"class_list":["post-100","page","type-page","status-publish","hentry"],"_links":{"self":[{"href":"https:\/\/sirenes.pl\/en\/wp-json\/wp\/v2\/pages\/100","targetHints":{"allow":["GET"]}}],"collection":[{"href":"https:\/\/sirenes.pl\/en\/wp-json\/wp\/v2\/pages"}],"about":[{"href":"https:\/\/sirenes.pl\/en\/wp-json\/wp\/v2\/types\/page"}],"author":[{"embeddable":true,"href":"https:\/\/sirenes.pl\/en\/wp-json\/wp\/v2\/users\/4"}],"replies":[{"embeddable":true,"href":"https:\/\/sirenes.pl\/en\/wp-json\/wp\/v2\/comments?post=100"}],"version-history":[{"count":5,"href":"https:\/\/sirenes.pl\/en\/wp-json\/wp\/v2\/pages\/100\/revisions"}],"predecessor-version":[{"id":120,"href":"https:\/\/sirenes.pl\/en\/wp-json\/wp\/v2\/pages\/100\/revisions\/120"}],"wp:attachment":[{"href":"https:\/\/sirenes.pl\/en\/wp-json\/wp\/v2\/media?parent=100"}],"curies":[{"name":"wp","href":"https:\/\/api.w.org\/{rel}","templated":true}]}}